{"id":5319,"date":"2025-01-17T09:08:55","date_gmt":"2025-01-17T09:08:55","guid":{"rendered":"https:\/\/dev.mediadome.at\/szf\/?page_id=5319"},"modified":"2026-01-07T08:03:39","modified_gmt":"2026-01-07T08:03:39","slug":"impressum","status":"publish","type":"page","link":"https:\/\/bms.at\/en\/impressum\/","title":{"rendered":"Impressum"},"content":{"rendered":"<div data-elementor-type=\"wp-page\" data-elementor-id=\"5319\" class=\"elementor elementor-5319\" data-elementor-post-type=\"page\">\n\t\t\t\t<div data-particle_enable=\"false\" data-particle-mobile-disabled=\"false\" class=\"elementor-element elementor-element-4b16850 e-con-full e-flex e-con e-parent\" data-id=\"4b16850\" data-element_type=\"container\" data-settings=\"{&quot;background_background&quot;:&quot;classic&quot;}\">\n\t\t<div data-particle_enable=\"false\" data-particle-mobile-disabled=\"false\" class=\"elementor-element elementor-element-d98aded e-con-full e-flex e-con e-child\" data-id=\"d98aded\" data-element_type=\"container\">\n\t\t<div data-particle_enable=\"false\" data-particle-mobile-disabled=\"false\" class=\"elementor-element elementor-element-ac7e9c7 e-con-full e-flex e-con e-child\" data-id=\"ac7e9c7\" data-element_type=\"container\" data-settings=\"{&quot;position&quot;:&quot;absolute&quot;}\">\n\t\t\t\t<\/div>\n\t\t\t\t<div class=\"elementor-element elementor-element-610de62 elementor-widget__width-initial elementor-widget elementor-widget-heading\" data-id=\"610de62\" data-element_type=\"widget\" data-widget_type=\"heading.default\">\n\t\t\t\t<div class=\"elementor-widget-container\">\n\t\t\t\t\t<h1 class=\"elementor-heading-title elementor-size-default\">IMPRESSUM<\/h1>\t\t\t\t<\/div>\n\t\t\t\t<\/div>\n\t\t\t\t<\/div>\n\t\t\t\t<\/div>\n\t\t<div data-particle_enable=\"false\" data-particle-mobile-disabled=\"false\" class=\"elementor-element elementor-element-ffa6756 e-flex e-con-boxed e-con e-parent\" data-id=\"ffa6756\" data-element_type=\"container\" data-settings=\"{&quot;background_background&quot;:&quot;classic&quot;}\">\n\t\t\t\t\t<div class=\"e-con-inner\">\n\t\t\t\t<div class=\"elementor-element elementor-element-a685fe3 elementor-widget elementor-widget-text-editor\" data-id=\"a685fe3\" data-element_type=\"widget\" data-widget_type=\"text-editor.default\">\n\t\t\t\t<div class=\"elementor-widget-container\">\n\t\t\t\t\t\t\t\t\t<p>Impressum gem\u00e4\u00df \u00a7 14 UGB Unternehmensgesetzbuch, \u00a7 24 Mediengesetz, Offenlegung gem\u00e4\u00df \u00a7 25 Mediengesetz und Kennzeichnung gem\u00e4\u00df \u00a7 5 E-Commerce-Gesetz.<\/p>\t\t\t\t\t\t\t\t<\/div>\n\t\t\t\t<\/div>\n\t\t\t\t<div class=\"elementor-element elementor-element-7c17535 elementor-widget__width-auto titlelayer elementor-widget elementor-widget-heading\" data-id=\"7c17535\" data-element_type=\"widget\" data-widget_type=\"heading.default\">\n\t\t\t\t<div class=\"elementor-widget-container\">\n\t\t\t\t\t<h2 class=\"elementor-heading-title elementor-size-default\">Medieninhaber und f\u00fcr den Inhalt dieser Website verantwortlich\n<\/h2>\t\t\t\t<\/div>\n\t\t\t\t<\/div>\n\t\t\t\t<div class=\"elementor-element elementor-element-28041d2 elementor-widget elementor-widget-text-editor\" data-id=\"28041d2\" data-element_type=\"widget\" data-widget_type=\"text-editor.default\">\n\t\t\t\t<div class=\"elementor-widget-container\">\n\t\t\t\t\t\t\t\t\t<div id=\"view:_id1:_id2:_id156:repeat1\"><p>BMS-Bildungs- u. Management-Service GmbH<br \/>Hauptstra\u00dfe 69<br \/>8753 Fohnsdorf<br \/>Tel.: +43 3573 6060<br \/>Fax: +43 3573 6060 1009<br \/>E-Mail: office@bms.at<br \/><a href=\"https:\/\/bms.at\/en\/\" target=\"_blank\" rel=\"noopener\">www.bms.at<\/a><\/p><p>UID-Nr.: ATU 37972208<br \/>Rechtsform: Gesellschaft mit beschr\u00e4nkter Haftung<br \/>Firmensitz: politische Gemeinde Fohnsdorf<br \/>Firmenbuchnummer FN 111290 m<br \/>Firmenbuchgericht: Landesgericht Leoben<\/p><p><strong>Gegenstand des Unternehmens sind:<\/strong><br \/>1. die Durchf\u00fchrung von Schulungen sowie Aus- und Weiterbildungsma\u00dfnahmen aller Art;<br \/>2. die Durchf\u00fchrung von der Aus- und Weiterbildung dienenden Projekten samt Projektmanagement;<br \/>3. die Durchf\u00fchrung von Forschungs- und Entwicklungsaufgaben;<br \/>4. die Umsetzung aller unter den Punkten 1. und 2. genannten Aufgaben und der von der Gesellschaft gem\u00e4\u00df Punkt 3. entwickelten Methoden in allen Bereichen der Wirtschaft<br \/>5. die \u00dcbernahme der Gesch\u00e4ftsf\u00fchrung in anderen Unternehmungen;<br \/>6. die \u00dcbernahme und Durchf\u00fchrung von projektbegleitenden Auftr\u00e4gen der Aus- und Weiterbildung aus der Wirtschaft;<br \/>7. die Durchf\u00fcrhung der unter 1. bis 6. genannten Aufgaben im In- und Ausland und<br \/>8. die Beteiligung an anderen Unternehmungen der Gesellschaften mit Ausnahme von Bank- und Versicherungsunternehmungen.<\/p><p><strong>Gesch\u00e4ftsf\u00fchrung<\/strong><br \/>Mag.<sup>a<\/sup> Dr.<sup>in<\/sup> Verena Z\u00f6hrer<\/p><p><strong>Grundlegende Richtung der Website<\/strong><br \/>F\u00f6rderung des Unternehmens<\/p><p><strong>Zust\u00e4ndige Aufsichts-\/Gewerbebeh\u00f6rde<\/strong><br \/>Bezirkshauptmannschaft Murtal<\/p><p>Die BMS-Bildungs- u. Management-Service GmbH, kurz bms genannt, pr\u00fcft und aktualisiert die Informationen auf diesen Webseiten st\u00e4ndig. Trotz aller Sorgfalt k\u00f6nnen sich die Daten inzwischen ver\u00e4ndert haben. Eine Haftung oder Garantie f\u00fcr die Aktualit\u00e4t, Richtigkeit und Vollst\u00e4ndigkeit der zur Verf\u00fcgung gestellten Informationen kann daher nicht \u00fcbernommen werden. Gleiches gilt auch f\u00fcr alle anderen Websites, auf die mittels Hyperlink verwiesen wird. Das Herstellen von Verbindungen zu derartigen Websites erfolgt auf eigene Gefahr. Die bms ist f\u00fcr den Inhalt der Websites, die aufgrund einer solchen Verbindung erreicht werden, nicht verantwortlich.<\/p><p>Des weiteren beh\u00e4lt sich die BMS-Bildungs- u. Management-Service GmbH das Recht vor, \u00c4nderungen oder Erg\u00e4nzungen der bereitgestellten Informationen vorzunehmen.<\/p><p>Inhalt und Struktur dieses Internetauftrittes sind urheberrechtlich gesch\u00fctzt!<\/p><\/div>\t\t\t\t\t\t\t\t<\/div>\n\t\t\t\t<\/div>\n\t\t\t\t\t<\/div>\n\t\t\t\t<\/div>\n\t\t\t\t<\/div>","protected":false},"excerpt":{"rendered":"<p>IMPRESSUM Impressum gem\u00e4\u00df \u00a7 14 UGB Unternehmensgesetzbuch, \u00a7 24 Mediengesetz, Offenlegung gem\u00e4\u00df \u00a7 25 Mediengesetz und Kennzeichnung gem\u00e4\u00df \u00a7 5 E-Commerce-Gesetz. Medieninhaber und f\u00fcr den Inhalt dieser Website verantwortlich BMS-Bildungs- u. Management-Service GmbHHauptstra\u00dfe 698753 FohnsdorfTel.: +43 3573 6060Fax: +43 3573 6060 1009E-Mail: office@bms.atwww.bms.at UID-Nr.: ATU 37972208Rechtsform: Gesellschaft mit beschr\u00e4nkter HaftungFirmensitz: politische Gemeinde FohnsdorfFirmenbuchnummer FN 111290 [&hellip;]<\/p>","protected":false},"author":1,"featured_media":0,"parent":0,"menu_order":0,"comment_status":"closed","ping_status":"closed","template":"","meta":{"footnotes":""},"class_list":["post-5319","page","type-page","status-publish","hentry"],"_links":{"self":[{"href":"https:\/\/bms.at\/en\/wp-json\/wp\/v2\/pages\/5319","targetHints":{"allow":["GET"]}}],"collection":[{"href":"https:\/\/bms.at\/en\/wp-json\/wp\/v2\/pages"}],"about":[{"href":"https:\/\/bms.at\/en\/wp-json\/wp\/v2\/types\/page"}],"author":[{"embeddable":true,"href":"https:\/\/bms.at\/en\/wp-json\/wp\/v2\/users\/1"}],"replies":[{"embeddable":true,"href":"https:\/\/bms.at\/en\/wp-json\/wp\/v2\/comments?post=5319"}],"version-history":[{"count":13,"href":"https:\/\/bms.at\/en\/wp-json\/wp\/v2\/pages\/5319\/revisions"}],"predecessor-version":[{"id":8685,"href":"https:\/\/bms.at\/en\/wp-json\/wp\/v2\/pages\/5319\/revisions\/8685"}],"wp:attachment":[{"href":"https:\/\/bms.at\/en\/wp-json\/wp\/v2\/media?parent=5319"}],"curies":[{"name":"wp","href":"https:\/\/api.w.org\/{rel}","templated":true}]}}